{"id":6107,"date":"2020-05-07T08:35:38","date_gmt":"2020-05-07T08:35:38","guid":{"rendered":"https:\/\/mioflex.com\/?page_id=6107"},"modified":"2024-02-12T06:45:58","modified_gmt":"2024-02-12T06:45:58","slug":"nosotros","status":"publish","type":"page","link":"https:\/\/mioflex.com\/es\/nosotros\/","title":{"rendered":"Nosotros"},"content":{"rendered":"\t\t<div data-elementor-type=\"wp-page\" data-elementor-id=\"6107\" class=\"elementor elementor-6107 elementor-1958\">\n\t\t\t\t\t\t<section class=\"elementor-section elementor-top-section elementor-element elementor-element-bbb37fd elementor-section-content-middle elementor-section-boxed elementor-section-height-default elementor-section-height-default\" data-id=\"bbb37fd\" data-element_type=\"section\">\n\t\t\t\t\t\t<div class=\"elementor-container elementor-column-gap-extended\">\n\t\t\t\t\t<div class=\"elementor-column elementor-col-50 elementor-top-column elementor-element elementor-element-d4e14e6 ot-flex-column-vertical\" data-id=\"d4e14e6\" data-element_type=\"column\">\n\t\t\t<div class=\"elementor-widget-wrap elementor-element-populated\">\n\t\t\t\t\t\t<div class=\"elementor-element elementor-element-02e674c elementor-widget elementor-widget-image\" data-id=\"02e674c\" data-element_type=\"widget\" data-widget_type=\"image.default\">\n\t\t\t\t<div class=\"elementor-widget-container\">\n\t\t\t\t\t\t\t\t\t\t\t\t\t\t\t<img fetchpriority=\"high\" decoding=\"async\" width=\"600\" height=\"413\" src=\"https:\/\/mioflex.com\/wp-content\/uploads\/galeri-03-600x413.png\" class=\"attachment-woocommerce_single size-woocommerce_single wp-image-5726\" alt=\"\" srcset=\"https:\/\/mioflex.com\/wp-content\/uploads\/galeri-03-600x413.png 600w, https:\/\/mioflex.com\/wp-content\/uploads\/galeri-03-300x207.png 300w, https:\/\/mioflex.com\/wp-content\/uploads\/galeri-03-768x529.png 768w, https:\/\/mioflex.com\/wp-content\/uploads\/galeri-03.png 998w\" sizes=\"(max-width: 600px) 100vw, 600px\" \/>\t\t\t\t\t\t\t\t\t\t\t\t\t\t\t<\/div>\n\t\t\t\t<\/div>\n\t\t\t\t\t<\/div>\n\t\t<\/div>\n\t\t\t\t<div class=\"elementor-column elementor-col-50 elementor-top-column elementor-element elementor-element-04e2d4c ot-flex-column-vertical\" data-id=\"04e2d4c\" data-element_type=\"column\">\n\t\t\t<div class=\"elementor-widget-wrap elementor-element-populated\">\n\t\t\t\t\t\t<div class=\"elementor-element elementor-element-2dfa153 elementor-widget elementor-widget-iheading\" data-id=\"2dfa153\" data-element_type=\"widget\" data-widget_type=\"iheading.default\">\n\t\t\t\t<div class=\"elementor-widget-container\">\n\t\t\t\t\t\t\t<div class=\"ot-heading is-dots\">\r\n\t        \t            <span>[ SOBRE NOSOTROS ]<\/span>\r\n\t        \t    <\/div>\r\n\t    \t\t\t\t<\/div>\n\t\t\t\t<\/div>\n\t\t\t\t<div class=\"elementor-element elementor-element-da18b9e elementor-widget elementor-widget-text-editor\" data-id=\"da18b9e\" data-element_type=\"widget\" data-widget_type=\"text-editor.default\">\n\t\t\t\t<div class=\"elementor-widget-container\">\n\t\t\t\t\t\t\t\t\t<p><strong><span>Mangueras de nueva generaci\u00f3n en la industria de mangueras y tuber\u00edas<\/span><\/strong><\/p>\t\t\t\t\t\t\t\t<\/div>\n\t\t\t\t<\/div>\n\t\t\t\t<div class=\"elementor-element elementor-element-cc02727 elementor-widget elementor-widget-text-editor\" data-id=\"cc02727\" data-element_type=\"widget\" data-widget_type=\"text-editor.default\">\n\t\t\t\t<div class=\"elementor-widget-container\">\n\t\t\t\t\t\t\t\t\t<p>En el din\u00e1mico mundo de la maquinaria industrial, donde la precisi\u00f3n y la confiabilidad son primordiales, no se puede subestimar el papel de las mangueras hidr\u00e1ulicas. Mioflex, una empresa pionera en el campo, comprende la importancia de estos componentes esenciales y ha estado a la vanguardia en el suministro de soluciones hidr\u00e1ulicas de vanguardia para satisfacer las necesidades en constante evoluci\u00f3n de las industrias en todo el mundo.<\/p>\t\t\t\t\t\t\t\t<\/div>\n\t\t\t\t<\/div>\n\t\t\t\t\t<\/div>\n\t\t<\/div>\n\t\t\t\t\t<\/div>\n\t\t<\/section>\n\t\t\t\t<section class=\"elementor-section elementor-top-section elementor-element elementor-element-9741424 elementor-section-content-middle elementor-section-boxed elementor-section-height-default elementor-section-height-default\" data-id=\"9741424\" data-element_type=\"section\">\n\t\t\t\t\t\t<div class=\"elementor-container elementor-column-gap-extended\">\n\t\t\t\t\t<div class=\"elementor-column elementor-col-100 elementor-top-column elementor-element elementor-element-806c6e8 ot-flex-column-vertical\" data-id=\"806c6e8\" data-element_type=\"column\">\n\t\t\t<div class=\"elementor-widget-wrap elementor-element-populated\">\n\t\t\t\t\t\t<div class=\"elementor-element elementor-element-789a9b5 elementor-widget elementor-widget-iheading\" data-id=\"789a9b5\" data-element_type=\"widget\" data-widget_type=\"iheading.default\">\n\t\t\t\t<div class=\"elementor-widget-container\">\n\t\t\t\t\t\t\t<div class=\"ot-heading is-dots\">\r\n\t        \t    <\/div>\r\n\t    \t\t\t\t<\/div>\n\t\t\t\t<\/div>\n\t\t\t\t<div class=\"elementor-element elementor-element-c33c20d elementor-widget elementor-widget-text-editor\" data-id=\"c33c20d\" data-element_type=\"widget\" data-widget_type=\"text-editor.default\">\n\t\t\t\t<div class=\"elementor-widget-container\">\n\t\t\t\t\t\t\t\t\t<p><span>En el din\u00e1mico mundo de la maquinaria industrial, donde la precisi\u00f3n y la confiabilidad son primordiales, no se puede subestimar el papel de las mangueras hidr\u00e1ulicas. Mioflex, una empresa pionera en el campo, comprende la importancia de estos componentes esenciales y ha estado a la vanguardia en el suministro de soluciones hidr\u00e1ulicas de vanguardia para satisfacer las necesidades en constante evoluci\u00f3n de las industrias en todo el mundo.<\/span><\/p><p><span>Comprensi\u00f3n de las mangueras hidr\u00e1ulicas:<\/span><\/p><p><span>Las mangueras hidr\u00e1ulicas son un componente cr\u00edtico en los sistemas hidr\u00e1ulicos y sirven como conducto para que el fluido transmita potencia. Las mangueras hidr\u00e1ulicas de Mioflex est\u00e1n dise\u00f1adas con precisi\u00f3n y dise\u00f1adas para soportar altas presiones, temperaturas extremas y condiciones operativas exigentes. Estas mangueras desempe\u00f1an un papel crucial a la hora de facilitar la transferencia fluida de fluido hidr\u00e1ulico, garantizando que la maquinaria funcione de manera eficiente y confiable.<\/span><\/p><p><span>Caracter\u00edsticas clave de las mangueras hidr\u00e1ulicas Mioflex:<\/span><\/p><ol><li><p><strong><span>Durabilidad:<\/span><\/strong><span>\u00a0Las mangueras hidr\u00e1ulicas Mioflex est\u00e1n dise\u00f1adas para durar, fabricadas con materiales de alta calidad que resisten el desgaste. Esta durabilidad garantiza una vida \u00fatil m\u00e1s larga de las mangueras, reduciendo la frecuencia de reemplazos y minimizando el tiempo de inactividad en las operaciones industriales.<\/span><\/p><\/li><li><p><strong><span>Resistencia a alta presi\u00f3n:<\/span><\/strong><span>\u00a0Los sistemas hidr\u00e1ulicos a menudo funcionan bajo alta presi\u00f3n y las mangueras de Mioflex est\u00e1n dise\u00f1adas espec\u00edficamente para soportar estas condiciones extremas. Esta resistencia a la alta presi\u00f3n es crucial para mantener la integridad del sistema y prevenir fugas que podr\u00edan provocar ineficiencias o posibles riesgos de seguridad.<\/span><\/p><\/li><li><p><strong><span>Estabilidad de temperatura:<\/span><\/strong><span>\u00a0los entornos industriales pueden exponer las mangueras hidr\u00e1ulicas a una amplia gama de temperaturas. Las mangueras de Mioflex est\u00e1n dise\u00f1adas para permanecer estables y funcionales en entornos de alta y baja temperatura, lo que garantiza un rendimiento \u00f3ptimo en diversas condiciones operativas.<\/span><\/p><\/li><li><p><strong><span>Flexibilidad:<\/span><\/strong><span>\u00a0La flexibilidad de las mangueras hidr\u00e1ulicas es vital para el enrutamiento y la instalaci\u00f3n en maquinaria compleja. Mioflex garantiza que sus mangueras proporcionen la flexibilidad necesaria sin comprometer la resistencia, lo que permite una f\u00e1cil integraci\u00f3n en varios sistemas hidr\u00e1ulicos.<\/span><\/p><\/li><li><p><strong><span>Resistencia a la corrosi\u00f3n:<\/span><\/strong><span>\u00a0la exposici\u00f3n a entornos hostiles puede provocar corrosi\u00f3n, poniendo en peligro la integridad de las mangueras hidr\u00e1ulicas. Las mangueras de Mioflex est\u00e1n equipadas con materiales resistentes a la corrosi\u00f3n, lo que proporciona una capa adicional de protecci\u00f3n contra la degradaci\u00f3n, incluso en entornos industriales desafiantes.<\/span><\/p><\/li><\/ol><p><span>Aplicaciones de las mangueras hidr\u00e1ulicas Mioflex:<\/span><\/p><p><span>Las mangueras hidr\u00e1ulicas Mioflex encuentran aplicaciones en un espectro de industrias, incluidas la manufactura, la construcci\u00f3n, la agricultura y m\u00e1s. Estas mangueras son parte integral del correcto funcionamiento de los sistemas hidr\u00e1ulicos en maquinaria pesada, asegurando precisi\u00f3n y eficiencia en operaciones cr\u00edticas.<\/span><\/p><p><span>A medida que las industrias contin\u00faan evolucionando y exigen mayor eficiencia y confiabilidad de su maquinaria, el papel de las mangueras hidr\u00e1ulicas de alta calidad se vuelve cada vez m\u00e1s importante. Mioflex, con su compromiso con la innovaci\u00f3n y la excelencia, se erige como un socio confiable en el suministro de soluciones hidr\u00e1ulicas que permiten que las operaciones industriales prosperen en el panorama competitivo actual. La durabilidad, la resistencia a altas presiones, la estabilidad de la temperatura, la flexibilidad y la resistencia a la corrosi\u00f3n de las mangueras hidr\u00e1ulicas Mioflex las convierten en una piedra angular en la b\u00fasqueda de un mejor rendimiento y longevidad en los sistemas hidr\u00e1ulicos.<\/span><\/p>\t\t\t\t\t\t\t\t<\/div>\n\t\t\t\t<\/div>\n\t\t\t\t\t<\/div>\n\t\t<\/div>\n\t\t\t\t\t<\/div>\n\t\t<\/section>\n\t\t\t\t<section class=\"elementor-section elementor-top-section elementor-element elementor-element-1c0235f elementor-section-content-middle elementor-section-boxed elementor-section-height-default elementor-section-height-default\" data-id=\"1c0235f\" data-element_type=\"section\">\n\t\t\t\t\t\t<div class=\"elementor-container elementor-column-gap-extended\">\n\t\t\t\t\t<div class=\"elementor-column elementor-col-50 elementor-top-column elementor-element elementor-element-6ac7633 ot-flex-column-vertical\" data-id=\"6ac7633\" data-element_type=\"column\">\n\t\t\t<div class=\"elementor-widget-wrap elementor-element-populated\">\n\t\t\t\t\t\t<div class=\"elementor-element elementor-element-4e069e7 elementor-widget elementor-widget-iheading\" data-id=\"4e069e7\" data-element_type=\"widget\" data-widget_type=\"iheading.default\">\n\t\t\t\t<div class=\"elementor-widget-container\">\n\t\t\t\t\t\t\t<div class=\"ot-heading is-dots\">\r\n\t        \t            <span>[ M\u0130OFLEX ]<\/span>\r\n\t        \t        <h2 class=\"main-heading\">Nuestra visi\u00f3n de la empresa<\/h2>\r\n\t        \t    <\/div>\r\n\t    \t\t\t\t<\/div>\n\t\t\t\t<\/div>\n\t\t\t\t<div class=\"elementor-element elementor-element-8da3635 elementor-widget elementor-widget-text-editor\" data-id=\"8da3635\" data-element_type=\"widget\" data-widget_type=\"text-editor.default\">\n\t\t\t\t<div class=\"elementor-widget-container\">\n\t\t\t\t\t\t\t\t\t<p><span>El viaje hacia el cumplimiento de la visi\u00f3n:<\/span><\/p><p><span>Mioflex reconoce que hacer realidad esta visi\u00f3n requiere un enfoque din\u00e1mico. Implica fomentar una cultura de innovaci\u00f3n dentro de nuestros equipos, invertir en tecnolog\u00eda de punta y fomentar un esp\u00edritu colaborativo que fomente el libre flujo de ideas. Nuestro compromiso con la sostenibilidad y las pr\u00e1cticas comerciales \u00e9ticas es fundamental para garantizar que nuestra visi\u00f3n se alinee con los valores de un mundo que cambia r\u00e1pidamente.<\/span><\/p>\t\t\t\t\t\t\t\t<\/div>\n\t\t\t\t<\/div>\n\t\t\t\t\t<\/div>\n\t\t<\/div>\n\t\t\t\t<div class=\"elementor-column elementor-col-50 elementor-top-column elementor-element elementor-element-1543bba ot-flex-column-vertical\" data-id=\"1543bba\" data-element_type=\"column\">\n\t\t\t<div class=\"elementor-widget-wrap elementor-element-populated\">\n\t\t\t\t\t\t<div class=\"elementor-element elementor-element-fd7dcde elementor-widget elementor-widget-image\" data-id=\"fd7dcde\" data-element_type=\"widget\" data-widget_type=\"image.default\">\n\t\t\t\t<div class=\"elementor-widget-container\">\n\t\t\t\t\t\t\t\t\t\t\t\t\t\t\t<img decoding=\"async\" width=\"600\" height=\"367\" src=\"https:\/\/mioflex.com\/wp-content\/uploads\/vision-600x367.png\" class=\"attachment-woocommerce_single size-woocommerce_single wp-image-6109\" alt=\"\" srcset=\"https:\/\/mioflex.com\/wp-content\/uploads\/vision-600x367.png 600w, https:\/\/mioflex.com\/wp-content\/uploads\/vision-300x183.png 300w, https:\/\/mioflex.com\/wp-content\/uploads\/vision-1024x626.png 1024w, https:\/\/mioflex.com\/wp-content\/uploads\/vision-768x469.png 768w, https:\/\/mioflex.com\/wp-content\/uploads\/vision-1536x939.png 1536w, https:\/\/mioflex.com\/wp-content\/uploads\/vision-320x196.png 320w, https:\/\/mioflex.com\/wp-content\/uploads\/vision-480x293.png 480w, https:\/\/mioflex.com\/wp-content\/uploads\/vision-800x489.png 800w, https:\/\/mioflex.com\/wp-content\/uploads\/vision-1320x807.png 1320w, https:\/\/mioflex.com\/wp-content\/uploads\/vision.png 1767w\" sizes=\"(max-width: 600px) 100vw, 600px\" \/>\t\t\t\t\t\t\t\t\t\t\t\t\t\t\t<\/div>\n\t\t\t\t<\/div>\n\t\t\t\t\t<\/div>\n\t\t<\/div>\n\t\t\t\t\t<\/div>\n\t\t<\/section>\n\t\t\t\t<section class=\"elementor-section elementor-top-section elementor-element elementor-element-4d068ce elementor-section-content-middle elementor-section-boxed elementor-section-height-default elementor-section-height-default\" data-id=\"4d068ce\" data-element_type=\"section\">\n\t\t\t\t\t\t<div class=\"elementor-container elementor-column-gap-extended\">\n\t\t\t\t\t<div class=\"elementor-column elementor-col-50 elementor-top-column elementor-element elementor-element-cacffe6 ot-flex-column-vertical\" data-id=\"cacffe6\" data-element_type=\"column\">\n\t\t\t<div class=\"elementor-widget-wrap elementor-element-populated\">\n\t\t\t\t\t\t<div class=\"elementor-element elementor-element-df9ec9f elementor-widget elementor-widget-iheading\" data-id=\"df9ec9f\" data-element_type=\"widget\" data-widget_type=\"iheading.default\">\n\t\t\t\t<div class=\"elementor-widget-container\">\n\t\t\t\t\t\t\t<div class=\"ot-heading is-dots\">\r\n\t        \t            <span>[ M\u0130OFLEX ]<\/span>\r\n\t        \t        <h2 class=\"main-heading\">Nuestra misi\u00f3n de empresa<\/h2>\r\n\t        \t    <\/div>\r\n\t    \t\t\t\t<\/div>\n\t\t\t\t<\/div>\n\t\t\t\t<div class=\"elementor-element elementor-element-edf7e1f elementor-widget elementor-widget-text-editor\" data-id=\"edf7e1f\" data-element_type=\"widget\" data-widget_type=\"text-editor.default\">\n\t\t\t\t<div class=\"elementor-widget-container\">\n\t\t\t\t\t\t\t\t\t<p><div class=\"elementor-column elementor-col-50 elementor-top-column elementor-element elementor-element-5a71e4d ot-flex-column-vertical\" data-id=\"5a71e4d\" data-element_type=\"column\" style=\"box-sizing: border-box; --flex-direction: initial; --flex-wrap: initial; --justify-content: initial; --align-items: initial; --align-content: initial; --gap: initial; --flex-basis: initial; --flex-grow: initial; --flex-shrink: initial; --order: initial; --align-self: initial; flex-basis: var(--flex-basis); flex-grow: var(--flex-grow); flex-shrink: var(--flex-shrink); order: var(--order); align-self: var(--align-self); position: relative; min-height: 1px; display: flex; --swiper-theme-color: #000; --swiper-navigation-size: 44px; --swiper-pagination-bullet-size: 6px; --swiper-pagination-bullet-horizontal-gap: 6px; --widgets-spacing: 20px 20px; width: 600px; color: rgb(85, 85, 85); font-family: Raleway, sans-serif; font-size: 16px; font-style: normal; font-variant-ligatures: normal; font-variant-caps: normal; font-weight: 400; letter-spacing: normal; orphans: 2; text-align: start; text-indent: 0px; text-transform: none; widows: 2; word-spacing: 0px; -webkit-text-stroke-width: 0px; white-space: normal; background-color: rgb(255, 255, 255); text-decoration-thickness: initial; text-decoration-style: initial; text-decoration-color: initial;\"><div class=\"elementor-widget-wrap elementor-element-populated\" style=\"box-sizing: border-box; position: relative; width: 530px; flex-wrap: wrap; align-content: center; display: flex; padding: 0px 15px; margin: 0px 0px 0px 70px; --e-column-margin-right: 0px; --e-column-margin-left: 70px; align-items: center;\"><div class=\"elementor-element elementor-element-739db83 elementor-widget elementor-widget-image\" data-id=\"739db83\" data-element_type=\"widget\" data-widget_type=\"image.default\" style=\"box-sizing: border-box; --flex-direction: initial; --flex-wrap: initial; --justify-content: initial; --align-items: initial; --align-content: initial; --gap: initial; --flex-basis: initial; --flex-grow: initial; --flex-shrink: initial; --order: initial; --align-self: initial; flex-basis: var(--flex-basis); flex-grow: var(--flex-grow); flex-shrink: var(--flex-shrink); order: var(--order); align-self: var(--align-self); flex-direction: var(--flex-direction); flex-wrap: var(--flex-wrap); justify-content: var(--justify-content); align-items: var(--align-items); align-content: var(--align-content); gap: var(--gap); position: relative; --swiper-theme-color: #000; --swiper-navigation-size: 44px; --swiper-pagination-bullet-size: 6px; --swiper-pagination-bullet-horizontal-gap: 6px; --widgets-spacing: 20px 20px; text-align: center; width: 500px;\"><\/div><\/div><\/div><\/p><div class=\"elementor-column elementor-col-50 elementor-top-column elementor-element elementor-element-cacffe6 ot-flex-column-vertical\" data-id=\"cacffe6\" data-element_type=\"column\" style=\"box-sizing: border-box; --flex-direction: initial; --flex-wrap: initial; --justify-content: initial; --align-items: initial; --align-content: initial; --gap: initial; --flex-basis: initial; --flex-grow: initial; --flex-shrink: initial; --order: initial; --align-self: initial; flex-basis: var(--flex-basis); flex-grow: var(--flex-grow); flex-shrink: var(--flex-shrink); order: var(--order); align-self: var(--align-self); position: relative; min-height: 1px; display: flex; --swiper-theme-color: #000; --swiper-navigation-size: 44px; --swiper-pagination-bullet-size: 6px; --swiper-pagination-bullet-horizontal-gap: 6px; --widgets-spacing: 20px 20px; width: 600px; color: rgb(85, 85, 85); font-family: Raleway, sans-serif; font-size: 16px; font-style: normal; font-variant-ligatures: normal; font-variant-caps: normal; font-weight: 400; letter-spacing: normal; orphans: 2; text-align: start; text-indent: 0px; text-transform: none; widows: 2; word-spacing: 0px; -webkit-text-stroke-width: 0px; white-space: normal; background-color: rgb(255, 255, 255); text-decoration-thickness: initial; text-decoration-style: initial; text-decoration-color: initial;\"><div class=\"elementor-widget-wrap elementor-element-populated\" style=\"box-sizing: border-box; position: relative; width: 600px; flex-wrap: wrap; align-content: center; display: flex; padding: 0px 15px; align-items: center;\"><div class=\"elementor-element elementor-element-edf7e1f elementor-widget elementor-widget-text-editor\" data-id=\"edf7e1f\" data-element_type=\"widget\" data-widget_type=\"text-editor.default\" style=\"box-sizing: border-box; --flex-direction: initial; --flex-wrap: initial; --justify-content: initial; --align-items: initial; --align-content: initial; --gap: initial; --flex-basis: initial; --flex-grow: initial; --flex-shrink: initial; --order: initial; --align-self: initial; flex-basis: var(--flex-basis); flex-grow: var(--flex-grow); flex-shrink: var(--flex-shrink); order: var(--order); align-self: var(--align-self); flex-direction: var(--flex-direction); flex-wrap: var(--flex-wrap); justify-content: var(--justify-content); align-items: var(--align-items); align-content: var(--align-content); gap: var(--gap); position: relative; --swiper-theme-color: #000; --swiper-navigation-size: 44px; --swiper-pagination-bullet-size: 6px; --swiper-pagination-bullet-horizontal-gap: 6px; --widgets-spacing: 20px 20px; color: rgb(85, 85, 85); font-family: Raleway, sans-serif; font-weight: var( --e-global-typography-text-font-weight ); transition: all 0.3s linear 0s; width: 570px;\"><div class=\"elementor-widget-container\" style=\"box-sizing: border-box; transition: background .3s,border .3s,border-radius .3s,box-shadow .3s,transform var(--e-transform-transition-duration,.4s); padding: 0px 0px 40px;\"><p style=\"box-sizing: border-box; margin: 0px;\"><font style=\"box-sizing: border-box; vertical-align: inherit;\"><font style=\"box-sizing: border-box; vertical-align: inherit;\">Mioflex reconoce que realizar nuestra misi\u00f3n requiere un esfuerzo de colaboraci\u00f3n. Implica la experiencia y la dedicaci\u00f3n de nuestro equipo, un compromiso con la investigaci\u00f3n y el desarrollo y un enfoque en la excelencia operativa. Mientras navegamos por los desaf\u00edos de la industria, nuestra misi\u00f3n nos gu\u00eda hacia un futuro en el que Mioflex sea sin\u00f3nimo de excelencia, innovaci\u00f3n y satisfacci\u00f3n del cliente.<\/font><\/font><\/p><\/div><\/div><\/div><\/div>\t\t\t\t\t\t\t\t<\/div>\n\t\t\t\t<\/div>\n\t\t\t\t\t<\/div>\n\t\t<\/div>\n\t\t\t\t<div class=\"elementor-column elementor-col-50 elementor-top-column elementor-element elementor-element-5a71e4d ot-flex-column-vertical\" data-id=\"5a71e4d\" data-element_type=\"column\">\n\t\t\t<div class=\"elementor-widget-wrap elementor-element-populated\">\n\t\t\t\t\t\t<div class=\"elementor-element elementor-element-739db83 elementor-widget elementor-widget-image\" data-id=\"739db83\" data-element_type=\"widget\" data-widget_type=\"image.default\">\n\t\t\t\t<div class=\"elementor-widget-container\">\n\t\t\t\t\t\t\t\t\t\t\t\t\t\t\t<img decoding=\"async\" width=\"600\" height=\"400\" src=\"https:\/\/mioflex.com\/wp-content\/uploads\/shutterstock_516754216-600x400.jpg\" class=\"attachment-woocommerce_single size-woocommerce_single wp-image-6110\" alt=\"\" srcset=\"https:\/\/mioflex.com\/wp-content\/uploads\/shutterstock_516754216-600x400.jpg 600w, https:\/\/mioflex.com\/wp-content\/uploads\/shutterstock_516754216-300x200.jpg 300w, https:\/\/mioflex.com\/wp-content\/uploads\/shutterstock_516754216-1024x683.jpg 1024w, https:\/\/mioflex.com\/wp-content\/uploads\/shutterstock_516754216-768x512.jpg 768w, https:\/\/mioflex.com\/wp-content\/uploads\/shutterstock_516754216-1536x1024.jpg 1536w, https:\/\/mioflex.com\/wp-content\/uploads\/shutterstock_516754216-320x213.jpg 320w, https:\/\/mioflex.com\/wp-content\/uploads\/shutterstock_516754216-480x320.jpg 480w, https:\/\/mioflex.com\/wp-content\/uploads\/shutterstock_516754216-800x533.jpg 800w, https:\/\/mioflex.com\/wp-content\/uploads\/shutterstock_516754216-1320x880.jpg 1320w, https:\/\/mioflex.com\/wp-content\/uploads\/shutterstock_516754216.jpg 1920w\" sizes=\"(max-width: 600px) 100vw, 600px\" \/>\t\t\t\t\t\t\t\t\t\t\t\t\t\t\t<\/div>\n\t\t\t\t<\/div>\n\t\t\t\t\t<\/div>\n\t\t<\/div>\n\t\t\t\t\t<\/div>\n\t\t<\/section>\n\t\t\t\t<\/div>\n\t\t","protected":false},"excerpt":{"rendered":"<p>[ SOBRE NOSOTROS ] Mangueras de nueva generaci\u00f3n en la industria de mangueras y tuber\u00edas En el din\u00e1mico mundo de la maquinaria industrial, donde la precisi\u00f3n y la confiabilidad son primordiales, no se puede subestimar el papel de las mangueras hidr\u00e1ulicas. Mioflex, una empresa pionera en el campo, comprende la importancia de estos componentes esenciales [&hellip;]<\/p>\n","protected":false},"author":1,"featured_media":0,"parent":0,"menu_order":0,"comment_status":"closed","ping_status":"closed","template":"","meta":{"footnotes":""},"class_list":["post-6107","page","type-page","status-publish","hentry"],"_links":{"self":[{"href":"https:\/\/mioflex.com\/es\/wp-json\/wp\/v2\/pages\/6107","targetHints":{"allow":["GET"]}}],"collection":[{"href":"https:\/\/mioflex.com\/es\/wp-json\/wp\/v2\/pages"}],"about":[{"href":"https:\/\/mioflex.com\/es\/wp-json\/wp\/v2\/types\/page"}],"author":[{"embeddable":true,"href":"https:\/\/mioflex.com\/es\/wp-json\/wp\/v2\/users\/1"}],"replies":[{"embeddable":true,"href":"https:\/\/mioflex.com\/es\/wp-json\/wp\/v2\/comments?post=6107"}],"version-history":[{"count":4,"href":"https:\/\/mioflex.com\/es\/wp-json\/wp\/v2\/pages\/6107\/revisions"}],"predecessor-version":[{"id":6113,"href":"https:\/\/mioflex.com\/es\/wp-json\/wp\/v2\/pages\/6107\/revisions\/6113"}],"wp:attachment":[{"href":"https:\/\/mioflex.com\/es\/wp-json\/wp\/v2\/media?parent=6107"}],"curies":[{"name":"wp","href":"https:\/\/api.w.org\/{rel}","templated":true}]}}