{"id":6165,"date":"2024-02-02T09:52:19","date_gmt":"2024-02-02T09:52:19","guid":{"rendered":"https:\/\/mioflex.com\/?post_type=product&#038;p=6165"},"modified":"2024-02-12T07:31:19","modified_gmt":"2024-02-12T07:31:19","slug":"manguera-de-aire-normal-de-polietileno","status":"publish","type":"product","link":"https:\/\/mioflex.com\/es\/urun\/manguera-de-aire-normal-de-polietileno\/","title":{"rendered":"Manguera de aire normal de polietileno"},"content":{"rendered":"<table width=\"465\">\n<tbody>\n<tr>\n<td colspan=\"5\" width=\"465\"><strong><span>MANGUERA DE AIRE NORMAL DE POLIETILENO SERIE MIO-PE<\/span><\/strong><\/td>\n<\/tr>\n<tr>\n<td><strong><span>FILA<\/span><\/strong><\/td>\n<td><strong><span>C\u00d3DIGO<\/span><\/strong><\/td>\n<td><strong><span>INMERSI\u00d3N (mm)<\/span><\/strong><\/td>\n<td><strong><span>LONGITUD (Metros)<\/span><\/strong><\/td>\n<td><strong><span>PRESI\u00d3N M\u00c1XIMA (Explosi\u00f3n)<\/span><\/strong><\/td>\n<\/tr>\n<tr>\n<td><span>1<\/span><\/td>\n<td><span>MIO-PE4<\/span><\/td>\n<td><span>4 mil\u00edmetros<\/span><\/td>\n<td><span>100-200<\/span><\/td>\n<td><span>18 barras<\/span><\/td>\n<\/tr>\n<tr>\n<td><span>2<\/span><\/td>\n<td><span>MIO-PE6<\/span><\/td>\n<td><span>6 mil\u00edmetros<\/span><\/td>\n<td><span>100-200<\/span><\/td>\n<td><span>18 barras<\/span><\/td>\n<\/tr>\n<tr>\n<td><span>3<\/span><\/td>\n<td><span>MIO-PE8<\/span><\/td>\n<td><span>8mm<\/span><\/td>\n<td><span>100<\/span><\/td>\n<td><span>18 barras<\/span><\/td>\n<\/tr>\n<tr>\n<td><span>4<\/span><\/td>\n<td><span>MIO-PE10<\/span><\/td>\n<td><span>10 mil\u00edmetros<\/span><\/td>\n<td><span>100<\/span><\/td>\n<td><span>13 barras<\/span><\/td>\n<\/tr>\n<tr>\n<td><span>5<\/span><\/td>\n<td><span>MIO-PE12<\/span><\/td>\n<td><span>12 mil\u00edmetros<\/span><\/td>\n<td><span>100<\/span><\/td>\n<td><span>13 barras<\/span><\/td>\n<\/tr>\n<\/tbody>\n<\/table>\n","protected":false},"excerpt":{"rendered":"<p><span>DISE\u00d1O \u00daNICO PATENTADO<\/span><br \/>\n<span>\u00a1EL \u00daNICO EN EL MUNDO!<\/span><br \/>\n<span>Presi\u00f3n, Calor<\/span><br \/>\n<span>M\u00e1s fr\u00edo, m\u00e1s<\/span><br \/>\n<span>duradero al vac\u00edo Perforaci\u00f3n<\/span><br \/>\n<span>en caso de rotura<\/span><br \/>\n<span>incluso aquellos que contin\u00faan trabajando<\/span><br \/>\n<span>Dise\u00f1o de 4 c\u00e1maras<\/span><\/p>\n<p><span>AUNQUE ES UNA LOCA. EL \u00daNICO QUE PUEDE CONTINUAR MANGUERA<\/span><\/p>\n","protected":false},"featured_media":6140,"comment_status":"open","ping_status":"closed","template":"","meta":[],"product_brand":[],"product_cat":[152],"product_tag":[153],"class_list":{"0":"post-6165","1":"product","2":"type-product","3":"status-publish","4":"has-post-thumbnail","6":"product_cat-manguera-de-aire-normal-de-polietileno","7":"product_tag-manguera-de-aire-normal-de-polietileno","9":"first","10":"instock","11":"shipping-taxable","12":"product-type-simple"},"_links":{"self":[{"href":"https:\/\/mioflex.com\/es\/wp-json\/wp\/v2\/product\/6165","targetHints":{"allow":["GET"]}}],"collection":[{"href":"https:\/\/mioflex.com\/es\/wp-json\/wp\/v2\/product"}],"about":[{"href":"https:\/\/mioflex.com\/es\/wp-json\/wp\/v2\/types\/product"}],"replies":[{"embeddable":true,"href":"https:\/\/mioflex.com\/es\/wp-json\/wp\/v2\/comments?post=6165"}],"wp:featuredmedia":[{"embeddable":true,"href":"https:\/\/mioflex.com\/es\/wp-json\/wp\/v2\/media\/6140"}],"wp:attachment":[{"href":"https:\/\/mioflex.com\/es\/wp-json\/wp\/v2\/media?parent=6165"}],"wp:term":[{"taxonomy":"product_brand","embeddable":true,"href":"https:\/\/mioflex.com\/es\/wp-json\/wp\/v2\/product_brand?post=6165"},{"taxonomy":"product_cat","embeddable":true,"href":"https:\/\/mioflex.com\/es\/wp-json\/wp\/v2\/product_cat?post=6165"},{"taxonomy":"product_tag","embeddable":true,"href":"https:\/\/mioflex.com\/es\/wp-json\/wp\/v2\/product_tag?post=6165"}],"curies":[{"name":"wp","href":"https:\/\/api.w.org\/{rel}","templated":true}]}}