{"id":6068,"date":"2024-02-07T06:58:23","date_gmt":"2024-02-07T06:58:23","guid":{"rendered":"https:\/\/mioflex.com\/?post_type=product&#038;p=6068"},"modified":"2024-02-09T09:06:42","modified_gmt":"2024-02-09T09:06:42","slug":"poliuretan-hortum","status":"publish","type":"product","link":"https:\/\/mioflex.com\/tr\/urun\/poliuretan-hortum\/","title":{"rendered":"Poli\u00fcretan Hortum"},"content":{"rendered":"<table border=\"0\" width=\"448\" cellspacing=\"0\" cellpadding=\"0\">\n<tbody>\n<tr>\n<td class=\"xl58\" width=\"64\" height=\"27\">Kod<\/td>\n<td class=\"xl58\" width=\"64\">\u0130\u00e7 \u00e7ap<\/td>\n<td class=\"xl58\" width=\"64\">D\u0131\u015f \u00e7ap<\/td>\n<td class=\"xl58\" width=\"64\">Duvar kal\u0131nl\u0131\u011f\u0131<\/td>\n<td class=\"xl58\" width=\"64\">Top Uzunlu\u011fu<\/td>\n<td class=\"xl58\" width=\"64\">B\u00fckme<\/td>\n<td class=\"xl58\" width=\"64\">A\u011f\u0131rl\u0131k<\/td>\n<\/tr>\n<tr>\n<td class=\"xl59\" width=\"64\" height=\"19\">MIO-PE10<\/td>\n<td class=\"xl59\" width=\"64\">2<\/td>\n<td class=\"xl59\" width=\"64\">4<\/td>\n<td class=\"xl59\" width=\"64\">1<\/td>\n<td class=\"xl59\" width=\"64\">200<\/td>\n<td class=\"xl59\" width=\"64\">10<\/td>\n<td class=\"xl59\" width=\"64\">1,16<\/td>\n<\/tr>\n<tr>\n<td class=\"xl59\" width=\"64\" height=\"19\">MIO-PE11<\/td>\n<td class=\"xl58\" width=\"64\">4<\/td>\n<td class=\"xl58\" width=\"64\">6<\/td>\n<td class=\"xl58\" width=\"64\">1<\/td>\n<td class=\"xl58\" width=\"64\">200<\/td>\n<td class=\"xl58\" width=\"64\">15<\/td>\n<td class=\"xl58\" width=\"64\">1,93<\/td>\n<\/tr>\n<tr>\n<td class=\"xl59\" width=\"64\" height=\"19\">MIO-PE12<\/td>\n<td class=\"xl59\" width=\"64\">5,5<\/td>\n<td class=\"xl59\" width=\"64\">8<\/td>\n<td class=\"xl59\" width=\"64\">1,25<\/td>\n<td class=\"xl59\" width=\"64\">100<\/td>\n<td class=\"xl59\" width=\"64\">20<\/td>\n<td class=\"xl59\" width=\"64\">3,26<\/td>\n<\/tr>\n<tr>\n<td class=\"xl59\" width=\"64\" height=\"19\">MIO-PE13<\/td>\n<td class=\"xl58\" width=\"64\">6,5<\/td>\n<td class=\"xl58\" width=\"64\">10<\/td>\n<td class=\"xl58\" width=\"64\">1,75<\/td>\n<td class=\"xl58\" width=\"64\">100<\/td>\n<td class=\"xl58\" width=\"64\">20<\/td>\n<td class=\"xl58\" width=\"64\">5,58<\/td>\n<\/tr>\n<tr>\n<td class=\"xl59\" width=\"64\" height=\"19\">MIO-PE14<\/td>\n<td class=\"xl59\" width=\"64\">8<\/td>\n<td class=\"xl59\" width=\"64\">12<\/td>\n<td class=\"xl59\" width=\"64\">2<\/td>\n<td class=\"xl59\" width=\"64\">100<\/td>\n<td class=\"xl59\" width=\"64\">30<\/td>\n<td class=\"xl59\" width=\"64\">7,72<\/td>\n<\/tr>\n<\/tbody>\n<\/table>\n<p>Polieter Poli\u00fcretan Hortumlar \u00c7al\u0131\u015fma ve Patlama Bas\u0131n\u00e7lar\u0131 +23 \u00b0C \/ +70 \u00b0C<\/p>\n<p>Polieter Poli\u00fcretan Hortumlar \u00c7al\u0131\u015fma ve Patlama Bas\u0131n\u00e7lar\u0131 +23 \u00b0C \/ +70 \u00b0C<\/p>\n<table border=\"0\" width=\"640\" cellspacing=\"0\" cellpadding=\"0\">\n<tbody>\n<tr>\n<td class=\"xl60\" width=\"64\" height=\"27\">Kod<\/td>\n<td class=\"xl60\" width=\"64\">Boyut<\/td>\n<td class=\"xl60\" width=\"64\">Sertlik<\/td>\n<td class=\"xl60\" width=\"64\">\u00c7al\u0131\u015ft\u0131rma 23\u00b0<\/td>\n<td class=\"xl60\" width=\"64\">\u00c7al\u0131\u015ft\u0131rma 30\u00b0<\/td>\n<td class=\"xl60\" width=\"64\">\u00c7al\u0131\u015ft\u0131rma 40\u00b0<\/td>\n<td class=\"xl60\" width=\"64\">\u00c7al\u0131\u015ft\u0131rma 50\u00b0<\/td>\n<td class=\"xl60\" width=\"64\">60\u00b0 \u00c7al\u0131\u015ft\u0131rma<\/td>\n<td class=\"xl60\" width=\"64\">\u00c7al\u0131\u015ft\u0131rma 70\u00b0<\/td>\n<td class=\"xl60\" width=\"64\">Patlama 23\u00b0<\/td>\n<\/tr>\n<tr>\n<td class=\"xl61\" width=\"64\" height=\"19\">MIO-PE10<\/td>\n<td class=\"xl61\" width=\"64\">2\u00d74<\/td>\n<td class=\"xl61\" width=\"64\">95A<\/td>\n<td class=\"xl61\" width=\"64\">13<\/td>\n<td class=\"xl61\" width=\"64\">11<\/td>\n<td class=\"xl61\" width=\"64\">9<\/td>\n<td class=\"xl61\" width=\"64\">8<\/td>\n<td class=\"xl61\" width=\"64\">7<\/td>\n<td class=\"xl61\" width=\"64\">6<\/td>\n<td class=\"xl61\" width=\"64\">39<\/td>\n<\/tr>\n<tr>\n<td class=\"xl61\" width=\"64\" height=\"19\">MIO-PE11<\/td>\n<td class=\"xl60\" width=\"64\">4X6<\/td>\n<td class=\"xl60\" width=\"64\">95A<\/td>\n<td class=\"xl60\" width=\"64\">11<\/td>\n<td class=\"xl60\" width=\"64\">9<\/td>\n<td class=\"xl60\" width=\"64\">8<\/td>\n<td class=\"xl60\" width=\"64\">7<\/td>\n<td class=\"xl60\" width=\"64\">6<\/td>\n<td class=\"xl60\" width=\"64\">5<\/td>\n<td class=\"xl60\" width=\"64\">33<\/td>\n<\/tr>\n<tr>\n<td class=\"xl61\" width=\"64\" height=\"19\">MIO-PE12<\/td>\n<td class=\"xl61\" width=\"64\">5,5X8<\/td>\n<td class=\"xl61\" width=\"64\">95A<\/td>\n<td class=\"xl61\" width=\"64\">10<\/td>\n<td class=\"xl61\" width=\"64\">8<\/td>\n<td class=\"xl61\" width=\"64\">7<\/td>\n<td class=\"xl61\" width=\"64\">6<\/td>\n<td class=\"xl61\" width=\"64\">5<\/td>\n<td class=\"xl61\" width=\"64\">4<\/td>\n<td class=\"xl61\" width=\"64\">30<\/td>\n<\/tr>\n<tr>\n<td class=\"xl61\" width=\"64\" height=\"19\">MIO-PE13<\/td>\n<td class=\"xl60\" width=\"64\">6,5X10<\/td>\n<td class=\"xl60\" width=\"64\">95A<\/td>\n<td class=\"xl60\" width=\"64\">11<\/td>\n<td class=\"xl60\" width=\"64\">9<\/td>\n<td class=\"xl60\" width=\"64\">8<\/td>\n<td class=\"xl60\" width=\"64\">7<\/td>\n<td class=\"xl60\" width=\"64\">6<\/td>\n<td class=\"xl60\" width=\"64\">5<\/td>\n<td class=\"xl60\" width=\"64\">33<\/td>\n<\/tr>\n<tr>\n<td class=\"xl61\" width=\"64\" height=\"19\">MIO-PE14<\/td>\n<td class=\"xl61\" width=\"64\">8X12<\/td>\n<td class=\"xl61\" width=\"64\">95A<\/td>\n<td class=\"xl61\" width=\"64\">12<\/td>\n<td class=\"xl61\" width=\"64\">10<\/td>\n<td class=\"xl61\" width=\"64\">8<\/td>\n<td class=\"xl61\" width=\"64\">7<\/td>\n<td class=\"xl61\" width=\"64\">6<\/td>\n<td class=\"xl61\" width=\"64\">5<\/td>\n<td class=\"xl61\" width=\"64\">36<\/td>\n<\/tr>\n<\/tbody>\n<\/table>\n","protected":false},"excerpt":{"rendered":"<p>S\u0131cakl\u0131k Limiti<br \/>\n\u2013 20\u00b0C ~ +70\u00b0C<\/p>\n<p>\u00d6l\u00e7\u00fcm Toleranslar\u0131<br \/>\n3mm ~ 8mm D\u0131\u015f \u00c7ap\/ \u00b10.1mm 10mm ~ 12mm D\u0131\u015f \u00c7ap\/ \u00b10.15mm 16mm ~ 18mm D\u0131\u015f \u00c7ap\/ \u00b10.2mm<br \/>\nKilogram \u00b1%5 de\u011fi\u015febilir.<\/p>\n<p>\u0130stenilen renkte \u00fcretim yap\u0131lmaktad\u0131r<\/p>\n","protected":false},"featured_media":5941,"comment_status":"open","ping_status":"closed","template":"","meta":[],"product_brand":[],"product_cat":[129,128],"product_tag":[130],"class_list":{"0":"post-6068","1":"product","2":"type-product","3":"status-publish","4":"has-post-thumbnail","6":"product_cat-poliuretan-hortum-urunler-2","7":"product_cat-urunler-2","8":"product_tag-poliuretan-hortum-tr","10":"first","11":"instock","12":"shipping-taxable","13":"product-type-simple"},"_links":{"self":[{"href":"https:\/\/mioflex.com\/tr\/wp-json\/wp\/v2\/product\/6068","targetHints":{"allow":["GET"]}}],"collection":[{"href":"https:\/\/mioflex.com\/tr\/wp-json\/wp\/v2\/product"}],"about":[{"href":"https:\/\/mioflex.com\/tr\/wp-json\/wp\/v2\/types\/product"}],"replies":[{"embeddable":true,"href":"https:\/\/mioflex.com\/tr\/wp-json\/wp\/v2\/comments?post=6068"}],"wp:featuredmedia":[{"embeddable":true,"href":"https:\/\/mioflex.com\/tr\/wp-json\/wp\/v2\/media\/5941"}],"wp:attachment":[{"href":"https:\/\/mioflex.com\/tr\/wp-json\/wp\/v2\/media?parent=6068"}],"wp:term":[{"taxonomy":"product_brand","embeddable":true,"href":"https:\/\/mioflex.com\/tr\/wp-json\/wp\/v2\/product_brand?post=6068"},{"taxonomy":"product_cat","embeddable":true,"href":"https:\/\/mioflex.com\/tr\/wp-json\/wp\/v2\/product_cat?post=6068"},{"taxonomy":"product_tag","embeddable":true,"href":"https:\/\/mioflex.com\/tr\/wp-json\/wp\/v2\/product_tag?post=6068"}],"curies":[{"name":"wp","href":"https:\/\/api.w.org\/{rel}","templated":true}]}}