{"id":6070,"date":"2024-02-02T09:47:59","date_gmt":"2024-02-02T09:47:59","guid":{"rendered":"https:\/\/mioflex.com\/?post_type=product&#038;p=6070"},"modified":"2024-02-09T09:14:20","modified_gmt":"2024-02-09T09:14:20","slug":"polietilen-hava-hortumu-dayanikli","status":"publish","type":"product","link":"https:\/\/mioflex.com\/tr\/urun\/polietilen-hava-hortumu-dayanikli\/","title":{"rendered":"Polietilen Hava Hortumu (dayan\u0131kl\u0131)"},"content":{"rendered":"<table width=\"500\">\n<tbody>\n<tr>\n<td style=\"text-align: center;\" colspan=\"5\" width=\"200\"><strong>MIO-PE SER\u0130S\u0130 POL\u0130ET\u0130LEN HAVA HORTUMU (DAYANIKLI)<\/strong><\/td>\n<\/tr>\n<tr>\n<td style=\"text-align: center;\"><strong>SIRA<\/strong><\/td>\n<td style=\"text-align: center;\"><strong>KOD<\/strong><\/td>\n<td style=\"text-align: center;\"><strong>DIP (mm)<\/strong><\/td>\n<td style=\"text-align: center;\"><strong>UZUNLUK (Metre)<\/strong><\/td>\n<td style=\"text-align: center;\"><strong>MAX BASIN\u00c7 (Patlama)<\/strong><\/td>\n<\/tr>\n<tr>\n<td style=\"text-align: center;\">1<\/td>\n<td style=\"text-align: center;\">MIO-PE4-70<\/td>\n<td style=\"text-align: center;\">4mm<\/td>\n<td style=\"text-align: center;\">100-200<\/td>\n<td style=\"text-align: center;\">27.01 Bar<\/td>\n<\/tr>\n<tr>\n<td style=\"text-align: center;\">2<\/td>\n<td style=\"text-align: center;\">MIO-PE6-90<\/td>\n<td style=\"text-align: center;\">6 mm<\/td>\n<td style=\"text-align: center;\">100<\/td>\n<td style=\"text-align: center;\">36,51 bar<\/td>\n<\/tr>\n<tr>\n<td style=\"text-align: center;\">3<\/td>\n<td style=\"text-align: center;\">MIO-PE8-100<\/td>\n<td style=\"text-align: center;\">8mm<\/td>\n<td style=\"text-align: center;\">100<\/td>\n<td style=\"text-align: center;\">38,98 Bar<\/td>\n<\/tr>\n<tr>\n<td style=\"text-align: center;\">4<\/td>\n<td style=\"text-align: center;\">MIO-PE10-120<\/td>\n<td style=\"text-align: center;\">10mm<\/td>\n<td style=\"text-align: center;\">100<\/td>\n<td style=\"text-align: center;\">33,80 Bar<\/td>\n<\/tr>\n<tr>\n<td style=\"text-align: center;\">5<\/td>\n<td style=\"text-align: center;\">MIO-PE12-140<\/td>\n<td style=\"text-align: center;\">12mm<\/td>\n<td style=\"text-align: center;\">100<\/td>\n<td style=\"text-align: center;\">27.12 Bar<\/td>\n<\/tr>\n<tr>\n<td style=\"text-align: center;\">6<\/td>\n<td style=\"text-align: center;\">MIO-PE14-170<\/td>\n<td style=\"text-align: center;\">14mm<\/td>\n<td style=\"text-align: center;\">100<\/td>\n<td style=\"text-align: center;\">25.01 Bar<\/td>\n<\/tr>\n<tr>\n<td style=\"text-align: center;\">7<\/td>\n<td style=\"text-align: center;\">MIO-PE15-170<\/td>\n<td style=\"text-align: center;\">15mm<\/td>\n<td style=\"text-align: center;\">100<\/td>\n<td style=\"text-align: center;\">25.31 Bar<\/td>\n<\/tr>\n<tr>\n<td style=\"text-align: center;\">8<\/td>\n<td style=\"text-align: center;\">MIO-PE16-170<\/td>\n<td style=\"text-align: center;\">16mm<\/td>\n<td style=\"text-align: center;\">100<\/td>\n<td style=\"text-align: center;\">23,78 Bar<\/td>\n<\/tr>\n<\/tbody>\n<\/table>\n","protected":false},"excerpt":{"rendered":"<p>PATENTL\u0130 E\u015eS\u0130Z TASARIM D\u00dcNYADA TEK!<br \/>\nBas\u0131n\u00e7, Is\u0131<br \/>\nDaha so\u011fuk, vakuma daha<br \/>\ndayan\u0131kl\u0131\u00a0\u00c7al\u0131\u015fmaya devam edenlerde bile<br \/>\ny\u0131rt\u0131lma durumunda delme\u00a04 odac\u0131kl\u0131 tasar\u0131m<\/p>\n","protected":false},"featured_media":5911,"comment_status":"open","ping_status":"closed","template":"","meta":[],"product_brand":[],"product_cat":[134,128],"product_tag":[135],"class_list":{"0":"post-6070","1":"product","2":"type-product","3":"status-publish","4":"has-post-thumbnail","6":"product_cat-polietilen-hava-hortumu-dayanikli-urunler-2","7":"product_cat-urunler-2","8":"product_tag-polietilen-hava-hortumu-dayanikli-tr","10":"first","11":"instock","12":"shipping-taxable","13":"product-type-simple"},"_links":{"self":[{"href":"https:\/\/mioflex.com\/tr\/wp-json\/wp\/v2\/product\/6070","targetHints":{"allow":["GET"]}}],"collection":[{"href":"https:\/\/mioflex.com\/tr\/wp-json\/wp\/v2\/product"}],"about":[{"href":"https:\/\/mioflex.com\/tr\/wp-json\/wp\/v2\/types\/product"}],"replies":[{"embeddable":true,"href":"https:\/\/mioflex.com\/tr\/wp-json\/wp\/v2\/comments?post=6070"}],"wp:featuredmedia":[{"embeddable":true,"href":"https:\/\/mioflex.com\/tr\/wp-json\/wp\/v2\/media\/5911"}],"wp:attachment":[{"href":"https:\/\/mioflex.com\/tr\/wp-json\/wp\/v2\/media?parent=6070"}],"wp:term":[{"taxonomy":"product_brand","embeddable":true,"href":"https:\/\/mioflex.com\/tr\/wp-json\/wp\/v2\/product_brand?post=6070"},{"taxonomy":"product_cat","embeddable":true,"href":"https:\/\/mioflex.com\/tr\/wp-json\/wp\/v2\/product_cat?post=6070"},{"taxonomy":"product_tag","embeddable":true,"href":"https:\/\/mioflex.com\/tr\/wp-json\/wp\/v2\/product_tag?post=6070"}],"curies":[{"name":"wp","href":"https:\/\/api.w.org\/{rel}","templated":true}]}}